{"id":4893,"date":"2019-10-31T17:03:31","date_gmt":"2019-10-31T16:03:31","guid":{"rendered":"https:\/\/www.mebus-mimtechnik.de\/about-us\/technical-equipment\/"},"modified":"2019-10-31T17:03:34","modified_gmt":"2019-10-31T16:03:34","slug":"technical-equipment","status":"publish","type":"page","link":"https:\/\/www.mebus-mimtechnik.de\/en\/about-us\/technical-equipment\/","title":{"rendered":"Technical Equipment"},"content":{"rendered":"<p>[et_pb_section fb_built=&#8221;1&#8243; _builder_version=&#8221;3.22.3&#8243; custom_padding=&#8221;54px||4px|||&#8221; fb_built=&#8221;1&#8243; _i=&#8221;0&#8243; _address=&#8221;0&#8243;][et_pb_row _builder_version=&#8221;3.25&#8243; background_size=&#8221;initial&#8221; background_position=&#8221;top_left&#8221; background_repeat=&#8221;repeat&#8221; custom_padding=&#8221;||1px|||&#8221; _i=&#8221;0&#8243; _address=&#8221;0.0&#8243;][et_pb_column type=&#8221;4_4&#8243; _builder_version=&#8221;3.25&#8243; custom_padding=&#8221;|||&#8221; _i=&#8221;0&#8243; _address=&#8221;0.0.0&#8243; custom_padding__hover=&#8221;|||&#8221;][et_pb_text _builder_version=&#8221;3.22.7&#8243; header_font=&#8221;|||on|||||&#8221; header_text_color=&#8221;#116ab2&#8243; custom_margin=&#8221;||-1px|||&#8221; header_font_size_phone=&#8221;25px&#8221; header_font_size_last_edited=&#8221;on|phone&#8221; _i=&#8221;0&#8243; _address=&#8221;0.0.0.0&#8243;]<\/p>\n<h1>Technical Equipment<\/h1>\n<p>[\/et_pb_text][et_pb_text _builder_version=&#8221;3.22.7&#8243; header_font=&#8221;|||on|||||&#8221; header_text_color=&#8221;#116ab2&#8243; header_2_font=&#8221;|600||on|||||&#8221; header_2_font_size=&#8221;25px&#8221; custom_margin=&#8221;||21px|||&#8221; header_2_font_size_phone=&#8221;21px&#8221; header_2_font_size_last_edited=&#8221;on|phone&#8221; _i=&#8221;1&#8243; _address=&#8221;0.0.0.1&#8243;]<\/p>\n<h2>State-of-the-art production and processing equipment<\/h2>\n<p>[\/et_pb_text][et_pb_blurb use_icon=&#8221;on&#8221; font_icon=&#8221;%%45%%&#8221; icon_placement=&#8221;left&#8221; content_max_width=&#8221;100%&#8221; use_icon_font_size=&#8221;on&#8221; icon_font_size=&#8221;25px&#8221; _builder_version=&#8221;3.24.1&#8243; custom_margin=&#8221;||16px|||&#8221; custom_padding=&#8221;|0px||0px&#8221; _i=&#8221;2&#8243; _address=&#8221;0.0.0.2&#8243;]<\/p>\n<p>Modern CNC-controlled injection molding machines with robot integration for automatic component removal<\/p>\n<p>[\/et_pb_blurb][et_pb_blurb use_icon=&#8221;on&#8221; font_icon=&#8221;%%45%%&#8221; icon_placement=&#8221;left&#8221; content_max_width=&#8221;100%&#8221; use_icon_font_size=&#8221;on&#8221; icon_font_size=&#8221;25px&#8221; _builder_version=&#8221;3.24.1&#8243; custom_margin=&#8221;||16px|||&#8221; custom_padding=&#8221;|0px||0px&#8221; _i=&#8221;3&#8243; _address=&#8221;0.0.0.3&#8243;]<\/p>\n<p>Furnaces for debinding powder injection molded parts (catalytic, thermal, solvent debinding)<\/p>\n<p>[\/et_pb_blurb][et_pb_blurb use_icon=&#8221;on&#8221; font_icon=&#8221;%%45%%&#8221; icon_placement=&#8221;left&#8221; content_max_width=&#8221;100%&#8221; use_icon_font_size=&#8221;on&#8221; icon_font_size=&#8221;25px&#8221; _builder_version=&#8221;3.24.1&#8243; custom_margin=&#8221;||16px|||&#8221; custom_padding=&#8221;|0px||0px&#8221; _i=&#8221;4&#8243; _address=&#8221;0.0.0.4&#8243;]<\/p>\n<p>State-of-the-art furnaces for sintering a wide variety of materials, specially designed for powder injection molding components<\/p>\n<p>[\/et_pb_blurb][et_pb_blurb use_icon=&#8221;on&#8221; font_icon=&#8221;%%45%%&#8221; icon_placement=&#8221;left&#8221; content_max_width=&#8221;100%&#8221; use_icon_font_size=&#8221;on&#8221; icon_font_size=&#8221;25px&#8221; _builder_version=&#8221;3.22.7&#8243; custom_margin=&#8221;||16px|||&#8221; custom_padding=&#8221;|0px||0px&#8221; _i=&#8221;5&#8243; _address=&#8221;0.0.0.5&#8243;]<\/p>\n<p>Facility for scale-free heat treatment (precipitation hardening) of stainless steel components such as 17-4 PH <\/p>\n<p>[\/et_pb_blurb][et_pb_blurb use_icon=&#8221;on&#8221; font_icon=&#8221;%%45%%&#8221; icon_placement=&#8221;left&#8221; content_max_width=&#8221;100%&#8221; use_icon_font_size=&#8221;on&#8221; icon_font_size=&#8221;25px&#8221; _builder_version=&#8221;3.22.7&#8243; custom_margin=&#8221;||16px|||&#8221; custom_padding=&#8221;|0px||0px&#8221; _i=&#8221;6&#8243; _address=&#8221;0.0.0.6&#8243;]<\/p>\n<p>Numerous measurement options for quality assurance<\/p>\n<p>[\/et_pb_blurb][et_pb_blurb use_icon=&#8221;on&#8221; font_icon=&#8221;%%45%%&#8221; icon_placement=&#8221;left&#8221; content_max_width=&#8221;100%&#8221; use_icon_font_size=&#8221;on&#8221; icon_font_size=&#8221;25px&#8221; _builder_version=&#8221;3.24&#8243; custom_margin=&#8221;||16px|||&#8221; custom_padding=&#8221;|0px||0px&#8221; _i=&#8221;7&#8243; _address=&#8221;0.0.0.7&#8243;]<strong>Facilities for component post-processing:<\/strong><\/p>\n<ul>\n<li>Disc finishing systems for barrel finishing and polishing (slide grinding)<\/li>\n<li>Ultrasonic systems<\/li>\n<li>Glass bead blasting cabins for manual and automatic processing<\/li>\n<li>Calibration presses<\/li>\n<li>Lasers (laser processing, laser inscription &#8211; engraving, color changing)<\/li>\n<\/ul>\n<p>[\/et_pb_blurb][et_pb_blurb use_icon=&#8221;on&#8221; font_icon=&#8221;%%45%%&#8221; icon_placement=&#8221;left&#8221; content_max_width=&#8221;100%&#8221; use_icon_font_size=&#8221;on&#8221; icon_font_size=&#8221;25px&#8221; _builder_version=&#8221;3.24&#8243; custom_margin=&#8221;||16px|||&#8221; custom_padding=&#8221;|0px||0px&#8221; _i=&#8221;8&#8243; _address=&#8221;0.0.0.8&#8243;]<strong>Mechanical workshop for the production, finishing, and maintenance of equipment and molds as well as for processing green parts and making prototypes<\/strong><\/p>\n<ul>\n<li>Milling<\/li>\n<li>Turning<\/li>\n<li>Grinding<\/li>\n<\/ul>\n<p>[\/et_pb_blurb][et_pb_blurb use_icon=&#8221;on&#8221; font_icon=&#8221;%%45%%&#8221; icon_placement=&#8221;left&#8221; content_max_width=&#8221;100%&#8221; use_icon_font_size=&#8221;on&#8221; icon_font_size=&#8221;25px&#8221; _builder_version=&#8221;3.24&#8243; custom_margin=&#8221;||16px|||&#8221; custom_padding=&#8221;|0px||0px&#8221; _i=&#8221;9&#8243; _address=&#8221;0.0.0.9&#8243;]<strong>CAD workstation<\/strong><\/p>\n<ul>\n<li>Processing with all common CAD formats (. dwg, . dxf, . step, . igs)<\/li>\n<\/ul>\n<p>[\/et_pb_blurb][\/et_pb_column][\/et_pb_row][\/et_pb_section][et_pb_section fb_built=&#8221;1&#8243; _builder_version=&#8221;3.22.7&#8243; background_color=&#8221;#116ab2&#8243; background_image=&#8221;https:\/\/www.mebus-mimtechnik.de\/wp-content\/uploads\/2019\/05\/mebus_mimtechnik-overlay-001.png&#8221; custom_margin=&#8221;53px|||||&#8221; global_module=&#8221;3993&#8243; locked=&#8221;off&#8221; fb_built=&#8221;1&#8243; _i=&#8221;1&#8243; _address=&#8221;1&#8243;][et_pb_row _builder_version=&#8221;3.25&#8243; width=&#8221;70%&#8221; max_width=&#8221;800px&#8221; _i=&#8221;0&#8243; _address=&#8221;1.0&#8243;][et_pb_column type=&#8221;4_4&#8243; _builder_version=&#8221;3.25&#8243; custom_padding=&#8221;|||&#8221; custom_padding__hover=&#8221;|||&#8221; _i=&#8221;0&#8243; _address=&#8221;1.0.0&#8243;][et_pb_cta title=&#8221;Send us your comment or inquiry&#8221; button_url=&#8221;https:\/\/www.mebus-mimtechnik.de\/en\/contact-information\/&#8221; button_text=&#8221;Go&#8221; disabled_on=&#8221;on|off|off&#8221; _builder_version=&#8221;3.26.3&#8243; header_font=&#8221;||||||||&#8221; header_line_height=&#8221;1.1em&#8221; body_font=&#8221;||||||||&#8221; body_font_size=&#8221;15px&#8221; body_line_height=&#8221;1.3em&#8221; background_color=&#8221;rgba(89,150,201,0.64)&#8221; border_radii=&#8221;|2px|||&#8221; border_width_all=&#8221;2px&#8221; border_color_all=&#8221;#ffffff&#8221; custom_button=&#8221;on&#8221; button_text_color=&#8221;rgba(255,255,255,0)&#8221; button_bg_image=&#8221;https:\/\/www.mebus-mimtechnik.de\/wp-content\/uploads\/2019\/05\/icon_email-001.png&#8221; button_font=&#8221;|||on|||||&#8221; button_use_icon=&#8221;off&#8221; button_alignment=&#8221;center&#8221; header_font_size_phone=&#8221;20px&#8221; header_font_size_last_edited=&#8221;on|phone&#8221; _i=&#8221;0&#8243; _address=&#8221;1.0.0.0&#8243;]Our team at Mebus MIM-Technik GmbH will be happy to answer questions and assist you.[\/et_pb_cta][et_pb_cta title=&#8221;send inquiry&#8221; button_url=&#8221;https:\/\/www.mebus-mimtechnik.de\/en\/contact-information\/&#8221; button_text=&#8221;Go&#8221; disabled_on=&#8221;off|on|on&#8221; _builder_version=&#8221;3.22.7&#8243; header_font=&#8221;||||||||&#8221; header_line_height=&#8221;1.1em&#8221; body_font=&#8221;||||||||&#8221; body_font_size=&#8221;15px&#8221; body_line_height=&#8221;1.3em&#8221; background_color=&#8221;rgba(89,150,201,0.64)&#8221; border_radii=&#8221;|2px|||&#8221; border_width_all=&#8221;2px&#8221; border_color_all=&#8221;#ffffff&#8221; custom_button=&#8221;on&#8221; button_text_color=&#8221;rgba(255,255,255,0)&#8221; button_bg_image=&#8221;https:\/\/www.mebus-mimtechnik.de\/wp-content\/uploads\/2019\/05\/icon_email-001.png&#8221; button_font=&#8221;|||on|||||&#8221; button_use_icon=&#8221;off&#8221; button_alignment=&#8221;center&#8221; header_font_size_phone=&#8221;20px&#8221; header_font_size_last_edited=&#8221;on|phone&#8221; _i=&#8221;1&#8243; _address=&#8221;1.0.0.1&#8243;][\/et_pb_cta][\/et_pb_column][\/et_pb_row][\/et_pb_section][et_pb_section fb_built=&#8221;1&#8243; admin_label=&#8221;Section&#8221; _builder_version=&#8221;3.26.7&#8243; background_color=&#8221;rgba(17,106,178,0.64)&#8221; custom_padding=&#8221;0px||0px|&#8221; custom_padding_tablet=&#8221;0px||0px|&#8221; transparent_background=&#8221;off&#8221; padding_mobile=&#8221;on&#8221; make_fullwidth=&#8221;off&#8221; use_custom_width=&#8221;off&#8221; width_unit=&#8221;on&#8221; global_module=&#8221;3917&#8243; saved_tabs=&#8221;all&#8221; fb_built=&#8221;1&#8243; _i=&#8221;3&#8243; _address=&#8221;3&#8243;][et_pb_row column_structure=&#8221;3_5,2_5&#8243; make_equal=&#8221;on&#8221; _builder_version=&#8221;3.25&#8243; _i=&#8221;0&#8243; _address=&#8221;3.0&#8243;][et_pb_column type=&#8221;3_5&#8243; _builder_version=&#8221;3.25&#8243; custom_padding=&#8221;|||&#8221; custom_padding__hover=&#8221;|||&#8221; _i=&#8221;0&#8243; _address=&#8221;3.0.0&#8243;][\/et_pb_column][et_pb_column type=&#8221;2_5&#8243; _builder_version=&#8221;3.25&#8243; custom_padding=&#8221;|||&#8221; custom_padding__hover=&#8221;|||&#8221; _i=&#8221;1&#8243; _address=&#8221;3.0.1&#8243;][et_pb_divider color=&#8221;rgba(0,0,0,0)&#8221; _builder_version=&#8221;3.23.4&#8243; min_height=&#8221;50px&#8221; height=&#8221;0px&#8221; _i=&#8221;0&#8243; _address=&#8221;3.0.1.0&#8243;][\/et_pb_divider][\/et_pb_column][\/et_pb_row][et_pb_row column_structure=&#8221;2_5,3_5&#8243; use_custom_gutter=&#8221;on&#8221; gutter_width=&#8221;2&#8243; padding_mobile=&#8221;on&#8221; column_padding_mobile=&#8221;on&#8221; admin_label=&#8221;Row&#8221; _builder_version=&#8221;3.25&#8243; background_size=&#8221;initial&#8221; background_position=&#8221;top_left&#8221; background_repeat=&#8221;repeat&#8221; custom_padding=&#8221;50px||50px|&#8221; make_fullwidth=&#8221;off&#8221; use_custom_width=&#8221;off&#8221; width_unit=&#8221;on&#8221; _i=&#8221;1&#8243; _address=&#8221;3.1&#8243;][et_pb_column type=&#8221;2_5&#8243; _builder_version=&#8221;3.25&#8243; custom_padding=&#8221;|||&#8221; custom_padding__hover=&#8221;|||&#8221; _i=&#8221;0&#8243; _address=&#8221;3.1.0&#8243;][et_pb_text admin_label=&#8221;Text&#8221; _builder_version=&#8221;3.22.7&#8243; text_font=&#8221;|600||on|||||&#8221; text_text_color=&#8221;#ffffff&#8221; text_font_size=&#8221;15px&#8221; text_line_height=&#8221;1.4em&#8221; background_size=&#8221;initial&#8221; background_position=&#8221;top_left&#8221; background_repeat=&#8221;repeat&#8221; custom_margin=&#8221;||8px|&#8221; use_border_color=&#8221;off&#8221; border_color=&#8221;#ffffff&#8221; border_style=&#8221;solid&#8221; _i=&#8221;0&#8243; _address=&#8221;3.1.0.0&#8243;]Contact[\/et_pb_text][et_pb_divider show_divider=&#8221;off&#8221; disabled_on=&#8221;on|on|off&#8221; admin_label=&#8221;Divider&#8221; _builder_version=&#8221;3.23.4&#8243; height=&#8221;10px&#8221; custom_margin=&#8221;-1px|||||&#8221; hide_on_mobile=&#8221;on&#8221; _i=&#8221;1&#8243; _address=&#8221;3.1.0.1&#8243;][\/et_pb_divider][et_pb_text _builder_version=&#8221;3.22.7&#8243; text_font=&#8221;||||||||&#8221; text_text_color=&#8221;#ffffff&#8221; text_font_size=&#8221;14px&#8221; link_font=&#8221;||||||||&#8221; link_text_color=&#8221;#ffffff&#8221; background_layout=&#8221;dark&#8221; _i=&#8221;2&#8243; _address=&#8221;3.1.0.2&#8243;]<\/p>\n<p><strong>Mebus MIM-Technik GmbH<\/strong><br \/> Monbachstr. 7<br \/> 75242 Neuhausen<\/p>\n<p>Fon: +49 (0)7234 94794 &#8211; 0<br \/> Fax: +49 (0)7234 94794 &#8211; 99<\/p>\n<p>eMail: <a href=\"mailto:info@mebus-mimtechnik.de\">info@mebus-mimtechnik.de<\/a><\/p>\n<p>[\/et_pb_text][\/et_pb_column][et_pb_column type=&#8221;3_5&#8243; _builder_version=&#8221;3.25&#8243; custom_padding=&#8221;|||&#8221; custom_padding__hover=&#8221;|||&#8221; _i=&#8221;1&#8243; _address=&#8221;3.1.1&#8243;][et_pb_text admin_label=&#8221;Text&#8221; _builder_version=&#8221;3.22.7&#8243; text_font=&#8221;|600||on|||||&#8221; text_text_color=&#8221;#ffffff&#8221; text_font_size=&#8221;15px&#8221; text_line_height=&#8221;1.4em&#8221; background_size=&#8221;initial&#8221; background_position=&#8221;top_left&#8221; background_repeat=&#8221;repeat&#8221; custom_margin=&#8221;||8px|&#8221; use_border_color=&#8221;off&#8221; border_color=&#8221;#ffffff&#8221; border_style=&#8221;solid&#8221; _i=&#8221;0&#8243; _address=&#8221;3.1.1.0&#8243;]How to find us[\/et_pb_text][et_pb_divider show_divider=&#8221;off&#8221; disabled_on=&#8221;on|on|off&#8221; admin_label=&#8221;Divider&#8221; _builder_version=&#8221;3.23.4&#8243; height=&#8221;10px&#8221; custom_margin=&#8221;-1px|||||&#8221; hide_on_mobile=&#8221;on&#8221; _i=&#8221;1&#8243; _address=&#8221;3.1.1.1&#8243;][\/et_pb_divider][et_pb_map address=&#8221;Monbachstra\u00dfe 7, 75242 Neuhausen, Deutschland&#8221; address_lat=&#8221;48.79362&#8243; address_lng=&#8221;8.76805&#8243; mouse_wheel=&#8221;off&#8221; _builder_version=&#8221;3.26.7&#8243; child_filter_saturate=&#8221;0%&#8221; _i=&#8221;2&#8243; _address=&#8221;3.1.1.2&#8243;][et_pb_map_pin title=&#8221;Mebus MIM-Technik GmbH&#8221; pin_address=&#8221;Monbachstra\u00dfe 7, 75242 Neuhausen, Deutschland&#8221; pin_address_lat=&#8221;48.79362&#8243; pin_address_lng=&#8221;8.76805&#8243; _builder_version=&#8221;3.26.7&#8243; _i=&#8221;0&#8243; _address=&#8221;3.1.1.2.0&#8243;][\/et_pb_map_pin][\/et_pb_map][\/et_pb_column][\/et_pb_row][\/et_pb_section]<\/p>\n","protected":false},"excerpt":{"rendered":"<p>Technical EquipmentState-of-the-art production and processing equipmentModern CNC-controlled injection molding machines with robot integration for automatic component removalFurnaces for debinding powder injection molded parts (catalytic, thermal, solvent debinding)State-of-the-art furnaces for sintering a wide variety of materials, specially designed for powder injection molding componentsFacility for scale-free heat treatment (precipitation hardening) of stainless steel components such as 17-4 [&hellip;]<\/p>\n","protected":false},"author":2,"featured_media":0,"parent":4826,"menu_order":30,"comment_status":"closed","ping_status":"closed","template":"","meta":{"_et_pb_use_builder":"on","_et_pb_old_content":"<!-- wp:paragraph -->\n<p>Dies ist eine Beispiel-Seite. Sie unterscheidet sich von Beitr\u00e4gen, da sie stets an derselben Stelle bleibt und (bei den meisten Themes) in der Website-Navigation angezeigt wird. Die meisten starten mit einem Impressum, der Datenschutzerkl\u00e4rung oder einer &#8222;\u00dcber uns&#8220;-Seite, um sich m\u00f6glichen Besucher der Website vorzustellen. Dort k\u00f6nnte zum Beispiel stehen:<\/p>\n<!-- \/wp:paragraph -->\n\n<!-- wp:quote -->\n<blockquote class=\"wp-block-quote\"><p>Hallo! Ich bin tags\u00fcber im Kurierdienst t\u00e4tig, nachts widme ich mich der Schauspielkunst, und das ist meine Website. Ich lebe in einer Gro\u00dfstadt, habe einen tollen Hund und ich mag Getr\u00e4nke mit Schirmchen (aber nicht ohne Schirm im Regen zu stehen).<\/p><\/blockquote>\n<!-- \/wp:quote -->\n\n<!-- wp:paragraph -->\n<p>...oder so etwas wie das hier:<\/p>\n<!-- \/wp:paragraph -->\n\n<!-- wp:quote -->\n<blockquote class=\"wp-block-quote\"><p>Das Unternehmen XYZ wurde 1971 gegr\u00fcndet und versorgt die \u00d6ffentlichkeit seither mit qualitativ hochwertigen Produkten. An seinem Standort in einer kleinen Gro\u00dfstadt besch\u00e4ftigt der Betrieb \u00fcber 2.000 Menschen und unterst\u00fctzt die Stadtbewohner in vielfacher Hinsicht.<\/p><\/blockquote>\n<!-- \/wp:quote -->\n\n<!-- wp:paragraph -->\n<p>Als neuer WordPress-Benutzer solltest du dein <a href=\"http:\/\/wordpress.p123456.webspaceconfig.de\/wp-admin\/\">Dashboard<\/a> aufrufen, um diese Seite zu l\u00f6schen und neue Seiten f\u00fcr deinen Inhalt zu erstellen. Viel Spa\u00df!<\/p>\n<!-- \/wp:paragraph -->","_et_gb_content_width":"","footnotes":""},"dipi_cpt_category":[],"class_list":["post-4893","page","type-page","status-publish","hentry"],"yoast_head":"<!-- This site is optimized with the Yoast SEO plugin v27.5 - https:\/\/yoast.com\/product\/yoast-seo-wordpress\/ -->\n<title>Technical Equipment - Mebus MIM-Technik GmbH - Precision in MIM und CIM<\/title>\n<meta name=\"robots\" content=\"index, follow, max-snippet:-1, max-image-preview:large, max-video-preview:-1\" \/>\n<link rel=\"canonical\" href=\"https:\/\/www.mebus-mimtechnik.de\/en\/about-us\/technical-equipment\/\" \/>\n<meta property=\"og:locale\" content=\"en_US\" \/>\n<meta property=\"og:type\" content=\"article\" \/>\n<meta property=\"og:title\" content=\"Technical Equipment - Mebus MIM-Technik GmbH - Precision in MIM und CIM\" \/>\n<meta property=\"og:description\" content=\"Technical EquipmentState-of-the-art production and processing equipmentModern CNC-controlled injection molding machines with robot integration for automatic component removalFurnaces for debinding powder injection molded parts (catalytic, thermal, solvent debinding)State-of-the-art furnaces for sintering a wide variety of materials, specially designed for powder injection molding componentsFacility for scale-free heat treatment (precipitation hardening) of stainless steel components such as 17-4 [&hellip;]\" \/>\n<meta property=\"og:url\" content=\"https:\/\/www.mebus-mimtechnik.de\/en\/about-us\/technical-equipment\/\" \/>\n<meta property=\"og:site_name\" content=\"Mebus MIM-Technik GmbH - Precision in MIM und CIM\" \/>\n<meta property=\"article:modified_time\" content=\"2019-10-31T16:03:34+00:00\" \/>\n<meta name=\"twitter:card\" content=\"summary_large_image\" \/>\n<meta name=\"twitter:label1\" content=\"Est. reading time\" \/>\n\t<meta name=\"twitter:data1\" content=\"7 minutes\" \/>\n<script type=\"application\/ld+json\" class=\"yoast-schema-graph\">{\"@context\":\"https:\\\/\\\/schema.org\",\"@graph\":[{\"@type\":\"WebPage\",\"@id\":\"https:\\\/\\\/www.mebus-mimtechnik.de\\\/en\\\/about-us\\\/technical-equipment\\\/\",\"url\":\"https:\\\/\\\/www.mebus-mimtechnik.de\\\/en\\\/about-us\\\/technical-equipment\\\/\",\"name\":\"Technical Equipment - Mebus MIM-Technik GmbH - Precision in MIM und CIM\",\"isPartOf\":{\"@id\":\"https:\\\/\\\/www.mebus-mimtechnik.de\\\/en\\\/#website\"},\"datePublished\":\"2019-10-31T16:03:31+00:00\",\"dateModified\":\"2019-10-31T16:03:34+00:00\",\"breadcrumb\":{\"@id\":\"https:\\\/\\\/www.mebus-mimtechnik.de\\\/en\\\/about-us\\\/technical-equipment\\\/#breadcrumb\"},\"inLanguage\":\"en-US\",\"potentialAction\":[{\"@type\":\"ReadAction\",\"target\":[\"https:\\\/\\\/www.mebus-mimtechnik.de\\\/en\\\/about-us\\\/technical-equipment\\\/\"]}]},{\"@type\":\"BreadcrumbList\",\"@id\":\"https:\\\/\\\/www.mebus-mimtechnik.de\\\/en\\\/about-us\\\/technical-equipment\\\/#breadcrumb\",\"itemListElement\":[{\"@type\":\"ListItem\",\"position\":1,\"name\":\"Startseite\",\"item\":\"https:\\\/\\\/www.mebus-mimtechnik.de\\\/en\\\/\"},{\"@type\":\"ListItem\",\"position\":2,\"name\":\"About us\",\"item\":\"https:\\\/\\\/www.mebus-mimtechnik.de\\\/en\\\/about-us\\\/\"},{\"@type\":\"ListItem\",\"position\":3,\"name\":\"Technical Equipment\"}]},{\"@type\":\"WebSite\",\"@id\":\"https:\\\/\\\/www.mebus-mimtechnik.de\\\/en\\\/#website\",\"url\":\"https:\\\/\\\/www.mebus-mimtechnik.de\\\/en\\\/\",\"name\":\"Mebus MIM-Technik GmbH - Pr\u00e4zision in MIM und CIM\",\"description\":\"\",\"publisher\":{\"@id\":\"https:\\\/\\\/www.mebus-mimtechnik.de\\\/en\\\/#organization\"},\"potentialAction\":[{\"@type\":\"SearchAction\",\"target\":{\"@type\":\"EntryPoint\",\"urlTemplate\":\"https:\\\/\\\/www.mebus-mimtechnik.de\\\/en\\\/?s={search_term_string}\"},\"query-input\":{\"@type\":\"PropertyValueSpecification\",\"valueRequired\":true,\"valueName\":\"search_term_string\"}}],\"inLanguage\":\"en-US\"},{\"@type\":\"Organization\",\"@id\":\"https:\\\/\\\/www.mebus-mimtechnik.de\\\/en\\\/#organization\",\"name\":\"Mebus MIM-Technik GmbH\",\"url\":\"https:\\\/\\\/www.mebus-mimtechnik.de\\\/en\\\/\",\"logo\":{\"@type\":\"ImageObject\",\"inLanguage\":\"en-US\",\"@id\":\"https:\\\/\\\/www.mebus-mimtechnik.de\\\/en\\\/#\\\/schema\\\/logo\\\/image\\\/\",\"url\":\"https:\\\/\\\/www.mebus-mimtechnik.de\\\/wp-content\\\/uploads\\\/2019\\\/06\\\/MEBUS-MIMtechnik-Logo-links_001.png\",\"contentUrl\":\"https:\\\/\\\/www.mebus-mimtechnik.de\\\/wp-content\\\/uploads\\\/2019\\\/06\\\/MEBUS-MIMtechnik-Logo-links_001.png\",\"width\":487,\"height\":125,\"caption\":\"Mebus MIM-Technik GmbH\"},\"image\":{\"@id\":\"https:\\\/\\\/www.mebus-mimtechnik.de\\\/en\\\/#\\\/schema\\\/logo\\\/image\\\/\"}}]}<\/script>\n<!-- \/ Yoast SEO plugin. -->","yoast_head_json":{"title":"Technical Equipment - Mebus MIM-Technik GmbH - Precision in MIM und CIM","robots":{"index":"index","follow":"follow","max-snippet":"max-snippet:-1","max-image-preview":"max-image-preview:large","max-video-preview":"max-video-preview:-1"},"canonical":"https:\/\/www.mebus-mimtechnik.de\/en\/about-us\/technical-equipment\/","og_locale":"en_US","og_type":"article","og_title":"Technical Equipment - Mebus MIM-Technik GmbH - Precision in MIM und CIM","og_description":"Technical EquipmentState-of-the-art production and processing equipmentModern CNC-controlled injection molding machines with robot integration for automatic component removalFurnaces for debinding powder injection molded parts (catalytic, thermal, solvent debinding)State-of-the-art furnaces for sintering a wide variety of materials, specially designed for powder injection molding componentsFacility for scale-free heat treatment (precipitation hardening) of stainless steel components such as 17-4 [&hellip;]","og_url":"https:\/\/www.mebus-mimtechnik.de\/en\/about-us\/technical-equipment\/","og_site_name":"Mebus MIM-Technik GmbH - Precision in MIM und CIM","article_modified_time":"2019-10-31T16:03:34+00:00","twitter_card":"summary_large_image","twitter_misc":{"Est. reading time":"7 minutes"},"schema":{"@context":"https:\/\/schema.org","@graph":[{"@type":"WebPage","@id":"https:\/\/www.mebus-mimtechnik.de\/en\/about-us\/technical-equipment\/","url":"https:\/\/www.mebus-mimtechnik.de\/en\/about-us\/technical-equipment\/","name":"Technical Equipment - Mebus MIM-Technik GmbH - Precision in MIM und CIM","isPartOf":{"@id":"https:\/\/www.mebus-mimtechnik.de\/en\/#website"},"datePublished":"2019-10-31T16:03:31+00:00","dateModified":"2019-10-31T16:03:34+00:00","breadcrumb":{"@id":"https:\/\/www.mebus-mimtechnik.de\/en\/about-us\/technical-equipment\/#breadcrumb"},"inLanguage":"en-US","potentialAction":[{"@type":"ReadAction","target":["https:\/\/www.mebus-mimtechnik.de\/en\/about-us\/technical-equipment\/"]}]},{"@type":"BreadcrumbList","@id":"https:\/\/www.mebus-mimtechnik.de\/en\/about-us\/technical-equipment\/#breadcrumb","itemListElement":[{"@type":"ListItem","position":1,"name":"Startseite","item":"https:\/\/www.mebus-mimtechnik.de\/en\/"},{"@type":"ListItem","position":2,"name":"About us","item":"https:\/\/www.mebus-mimtechnik.de\/en\/about-us\/"},{"@type":"ListItem","position":3,"name":"Technical Equipment"}]},{"@type":"WebSite","@id":"https:\/\/www.mebus-mimtechnik.de\/en\/#website","url":"https:\/\/www.mebus-mimtechnik.de\/en\/","name":"Mebus MIM-Technik GmbH - Pr\u00e4zision in MIM und CIM","description":"","publisher":{"@id":"https:\/\/www.mebus-mimtechnik.de\/en\/#organization"},"potentialAction":[{"@type":"SearchAction","target":{"@type":"EntryPoint","urlTemplate":"https:\/\/www.mebus-mimtechnik.de\/en\/?s={search_term_string}"},"query-input":{"@type":"PropertyValueSpecification","valueRequired":true,"valueName":"search_term_string"}}],"inLanguage":"en-US"},{"@type":"Organization","@id":"https:\/\/www.mebus-mimtechnik.de\/en\/#organization","name":"Mebus MIM-Technik GmbH","url":"https:\/\/www.mebus-mimtechnik.de\/en\/","logo":{"@type":"ImageObject","inLanguage":"en-US","@id":"https:\/\/www.mebus-mimtechnik.de\/en\/#\/schema\/logo\/image\/","url":"https:\/\/www.mebus-mimtechnik.de\/wp-content\/uploads\/2019\/06\/MEBUS-MIMtechnik-Logo-links_001.png","contentUrl":"https:\/\/www.mebus-mimtechnik.de\/wp-content\/uploads\/2019\/06\/MEBUS-MIMtechnik-Logo-links_001.png","width":487,"height":125,"caption":"Mebus MIM-Technik GmbH"},"image":{"@id":"https:\/\/www.mebus-mimtechnik.de\/en\/#\/schema\/logo\/image\/"}}]}},"_links":{"self":[{"href":"https:\/\/www.mebus-mimtechnik.de\/en\/wp-json\/wp\/v2\/pages\/4893","targetHints":{"allow":["GET"]}}],"collection":[{"href":"https:\/\/www.mebus-mimtechnik.de\/en\/wp-json\/wp\/v2\/pages"}],"about":[{"href":"https:\/\/www.mebus-mimtechnik.de\/en\/wp-json\/wp\/v2\/types\/page"}],"author":[{"embeddable":true,"href":"https:\/\/www.mebus-mimtechnik.de\/en\/wp-json\/wp\/v2\/users\/2"}],"replies":[{"embeddable":true,"href":"https:\/\/www.mebus-mimtechnik.de\/en\/wp-json\/wp\/v2\/comments?post=4893"}],"version-history":[{"count":1,"href":"https:\/\/www.mebus-mimtechnik.de\/en\/wp-json\/wp\/v2\/pages\/4893\/revisions"}],"predecessor-version":[{"id":4894,"href":"https:\/\/www.mebus-mimtechnik.de\/en\/wp-json\/wp\/v2\/pages\/4893\/revisions\/4894"}],"up":[{"embeddable":true,"href":"https:\/\/www.mebus-mimtechnik.de\/en\/wp-json\/wp\/v2\/pages\/4826"}],"wp:attachment":[{"href":"https:\/\/www.mebus-mimtechnik.de\/en\/wp-json\/wp\/v2\/media?parent=4893"}],"wp:term":[{"taxonomy":"dipi_cpt_category","embeddable":true,"href":"https:\/\/www.mebus-mimtechnik.de\/en\/wp-json\/wp\/v2\/dipi_cpt_category?post=4893"}],"curies":[{"name":"wp","href":"https:\/\/api.w.org\/{rel}","templated":true}]}}