{"id":4846,"date":"2019-10-31T11:07:15","date_gmt":"2019-10-31T10:07:15","guid":{"rendered":"https:\/\/www.mebus-mimtechnik.de\/imprint\/"},"modified":"2025-08-18T15:15:39","modified_gmt":"2025-08-18T13:15:39","slug":"imprint","status":"publish","type":"page","link":"https:\/\/www.mebus-mimtechnik.de\/en\/contact-information\/imprint\/","title":{"rendered":"Imprint"},"content":{"rendered":"<p>[et_pb_section fb_built=&#8221;1&#8243; _builder_version=&#8221;4.16&#8243; custom_padding=&#8221;54px||4px|||&#8221; global_colors_info=&#8221;{}&#8221;][et_pb_row _builder_version=&#8221;4.16&#8243; background_size=&#8221;initial&#8221; background_position=&#8221;top_left&#8221; background_repeat=&#8221;repeat&#8221; custom_padding=&#8221;||1px|||&#8221; global_colors_info=&#8221;{}&#8221;][et_pb_column type=&#8221;4_4&#8243; _builder_version=&#8221;4.16&#8243; custom_padding=&#8221;|||&#8221; global_colors_info=&#8221;{}&#8221; custom_padding__hover=&#8221;|||&#8221;][et_pb_text _builder_version=&#8221;4.16&#8243; header_font=&#8221;|||on|||||&#8221; header_text_color=&#8221;#116ab2&#8243; custom_margin=&#8221;||-1px|||&#8221; header_font_size_tablet=&#8221;&#8221; header_font_size_phone=&#8221;25px&#8221; header_font_size_last_edited=&#8221;on|phone&#8221; global_colors_info=&#8221;{}&#8221;]<\/p>\n<h1>Contact Information<\/h1>\n<p>[\/et_pb_text][et_pb_text _builder_version=&#8221;4.16&#8243; header_font=&#8221;|||on|||||&#8221; header_text_color=&#8221;#116ab2&#8243; header_2_font=&#8221;|600||on|||||&#8221; header_2_font_size=&#8221;25px&#8221; custom_margin=&#8221;||21px|||&#8221; header_2_font_size_tablet=&#8221;&#8221; header_2_font_size_phone=&#8221;21px&#8221; header_2_font_size_last_edited=&#8221;on|phone&#8221; global_colors_info=&#8221;{}&#8221;]<\/p>\n<h2>Imprint<\/h2>\n<p>[\/et_pb_text][et_pb_text _builder_version=&#8221;4.16&#8243; text_font=&#8221;||||||||&#8221; background_size=&#8221;initial&#8221; background_position=&#8221;top_left&#8221; background_repeat=&#8221;repeat&#8221; custom_padding=&#8221;||28px|||&#8221; global_colors_info=&#8221;{}&#8221;]<\/p>\n<p><strong>Mebus MIM-Technik GmbH<\/strong><br \/>Monbachstra\u00dfe 7<br \/>75242 Neuhausen<\/p>\n<p>Fon +49 (0)7234 94794-0<br \/>Fax +49 (0)7234 94794-99<\/p>\n<p>www.mebus-mimtechnik.de<br \/>info@mebus-mimtechnik.de<\/p>\n<p>CEO: Dr. Pouya Moghimian<\/p>\n<p>Gesch\u00e4ftsf\u00fchrer: Dr. Pouya Moghimian, Artur Kessler, S\u00e9bastien Jean Christophe Virtel, Frank Wilhelm Herzog<\/p>\n<p>Registered with the Mannheim District Court under HRB 505817<\/p>\n<p>USt.-ID: DE814375360<\/p>\n<p>The information on the pages of our website is based on our current knowledge and experience. A legally binding assurance of certain properties or suitability for a specific purpose cannot be derived from our information<\/p>\n<p>[\/et_pb_text][\/et_pb_column][\/et_pb_row][et_pb_row _builder_version=&#8221;4.16&#8243; global_colors_info=&#8221;{}&#8221;][et_pb_column type=&#8221;4_4&#8243; _builder_version=&#8221;4.16&#8243; custom_padding=&#8221;|||&#8221; global_colors_info=&#8221;{}&#8221; custom_padding__hover=&#8221;|||&#8221;][et_pb_blurb title=&#8221;General Terms and Conditions&#8221; use_icon=&#8221;on&#8221; font_icon=&#8221;&#xe092;||divi||400&#8243; icon_color=&#8221;#ffffff&#8221; image_icon_background_color=&#8221;#116ab2&#8243; icon_placement=&#8221;left&#8221; image_icon_width=&#8221;16px&#8221; content_max_width=&#8221;100%&#8221; _builder_version=&#8221;4.16&#8243; header_font=&#8221;||||||||&#8221; header_text_color=&#8221;#116ab2&#8243; image_icon_custom_padding=&#8221;8px|8px|8px|8px|false|false&#8221; link_option_url=&#8221;\/wp-content\/uploads\/2019\/07\/AGB_Mebus-MIM-Technik-GmbH.pdf&#8221; link_option_url_new_window=&#8221;on&#8221; border_radii_image=&#8221;on|100%|100%|100%|100%&#8221; use_circle=&#8221;on&#8221; global_colors_info=&#8221;{}&#8221; image_icon_background_color__sticky_enabled=&#8221;#116ab2&#8243; image_icon_background_color__sticky=&#8221;#116ab2&#8243;]<\/p>\n<p>Our general terms and conditions (in German) are available for download here.<\/p>\n<p>[\/et_pb_blurb][\/et_pb_column][\/et_pb_row][\/et_pb_section][et_pb_section fb_built=&#8221;1&#8243; _builder_version=&#8221;3.22.7&#8243; background_color=&#8221;#116ab2&#8243; background_image=&#8221;https:\/\/www.mebus-mimtechnik.de\/wp-content\/uploads\/2019\/05\/mebus_mimtechnik-overlay-001.png&#8221; custom_margin=&#8221;53px|||||&#8221; global_module=&#8221;3993&#8243; locked=&#8221;off&#8221; global_colors_info=&#8221;{}&#8221;][et_pb_row _builder_version=&#8221;4.16&#8243; width=&#8221;70%&#8221; max_width=&#8221;800px&#8221; global_colors_info=&#8221;{}&#8221;][et_pb_column type=&#8221;4_4&#8243; _builder_version=&#8221;4.16&#8243; custom_padding=&#8221;|||&#8221; global_colors_info=&#8221;{}&#8221; custom_padding__hover=&#8221;|||&#8221;][et_pb_cta title=&#8221;Send us your comment or inquiry&#8221; button_url=&#8221;https:\/\/www.mebus-mimtechnik.de\/en\/contact-information\/&#8221; button_text=&#8221;Go&#8221; disabled_on=&#8221;on|off|off&#8221; _builder_version=&#8221;4.16&#8243; header_font=&#8221;||||||||&#8221; header_line_height=&#8221;1.1em&#8221; body_font=&#8221;||||||||&#8221; body_font_size=&#8221;15px&#8221; body_line_height=&#8221;1.3em&#8221; background_color=&#8221;rgba(89,150,201,0.64)&#8221; custom_button=&#8221;on&#8221; button_text_color=&#8221;rgba(255,255,255,0)&#8221; button_bg_image=&#8221;https:\/\/www.mebus-mimtechnik.de\/wp-content\/uploads\/2019\/05\/icon_email-001.png&#8221; button_font=&#8221;|||on|||||&#8221; button_use_icon=&#8221;off&#8221; button_alignment=&#8221;center&#8221; header_font_size_tablet=&#8221;&#8221; header_font_size_phone=&#8221;20px&#8221; header_font_size_last_edited=&#8221;on|phone&#8221; border_radii=&#8221;|2px|||&#8221; border_width_all=&#8221;2px&#8221; border_color_all=&#8221;#ffffff&#8221; global_colors_info=&#8221;{}&#8221;]Our team at Mebus MIM-Technik GmbH will be happy to answer questions and assist you.[\/et_pb_cta][et_pb_cta title=&#8221;send inquiry&#8221; button_url=&#8221;https:\/\/www.mebus-mimtechnik.de\/en\/contact-information\/&#8221; button_text=&#8221;Go&#8221; disabled_on=&#8221;off|on|on&#8221; _builder_version=&#8221;4.16&#8243; header_font=&#8221;||||||||&#8221; header_line_height=&#8221;1.1em&#8221; body_font=&#8221;||||||||&#8221; body_font_size=&#8221;15px&#8221; body_line_height=&#8221;1.3em&#8221; background_color=&#8221;rgba(89,150,201,0.64)&#8221; custom_button=&#8221;on&#8221; button_text_color=&#8221;rgba(255,255,255,0)&#8221; button_bg_image=&#8221;https:\/\/www.mebus-mimtechnik.de\/wp-content\/uploads\/2019\/05\/icon_email-001.png&#8221; button_font=&#8221;|||on|||||&#8221; button_use_icon=&#8221;off&#8221; button_alignment=&#8221;center&#8221; header_font_size_tablet=&#8221;&#8221; header_font_size_phone=&#8221;20px&#8221; header_font_size_last_edited=&#8221;on|phone&#8221; border_radii=&#8221;|2px|||&#8221; border_width_all=&#8221;2px&#8221; border_color_all=&#8221;#ffffff&#8221; global_colors_info=&#8221;{}&#8221;][\/et_pb_cta][\/et_pb_column][\/et_pb_row][\/et_pb_section][et_pb_section fb_built=&#8221;1&#8243; admin_label=&#8221;Section&#8221; _builder_version=&#8221;3.26.7&#8243; background_color=&#8221;rgba(17,106,178,0.64)&#8221; custom_padding=&#8221;0px||0px|&#8221; custom_padding_tablet=&#8221;0px||0px|&#8221; transparent_background=&#8221;off&#8221; padding_mobile=&#8221;on&#8221; make_fullwidth=&#8221;off&#8221; use_custom_width=&#8221;off&#8221; width_unit=&#8221;on&#8221; global_module=&#8221;3917&#8243; saved_tabs=&#8221;all&#8221; global_colors_info=&#8221;{}&#8221;][et_pb_row column_structure=&#8221;3_5,2_5&#8243; make_equal=&#8221;on&#8221; _builder_version=&#8221;4.16&#8243; global_colors_info=&#8221;{}&#8221;][et_pb_column type=&#8221;3_5&#8243; _builder_version=&#8221;4.16&#8243; custom_padding=&#8221;|||&#8221; global_colors_info=&#8221;{}&#8221; custom_padding__hover=&#8221;|||&#8221;][\/et_pb_column][et_pb_column type=&#8221;2_5&#8243; _builder_version=&#8221;4.16&#8243; custom_padding=&#8221;|||&#8221; global_colors_info=&#8221;{}&#8221; custom_padding__hover=&#8221;|||&#8221;][et_pb_divider color=&#8221;rgba(0,0,0,0)&#8221; _builder_version=&#8221;4.16&#8243; min_height=&#8221;50px&#8221; height=&#8221;0px&#8221; global_colors_info=&#8221;{}&#8221;][\/et_pb_divider][\/et_pb_column][\/et_pb_row][et_pb_row column_structure=&#8221;2_5,3_5&#8243; use_custom_gutter=&#8221;on&#8221; gutter_width=&#8221;2&#8243; padding_mobile=&#8221;on&#8221; column_padding_mobile=&#8221;on&#8221; admin_label=&#8221;Row&#8221; _builder_version=&#8221;4.16&#8243; background_size=&#8221;initial&#8221; background_position=&#8221;top_left&#8221; background_repeat=&#8221;repeat&#8221; custom_padding=&#8221;50px||50px|&#8221; make_fullwidth=&#8221;off&#8221; use_custom_width=&#8221;off&#8221; width_unit=&#8221;on&#8221; global_colors_info=&#8221;{}&#8221;][et_pb_column type=&#8221;2_5&#8243; _builder_version=&#8221;4.16&#8243; custom_padding=&#8221;|||&#8221; global_colors_info=&#8221;{}&#8221; custom_padding__hover=&#8221;|||&#8221;][et_pb_text admin_label=&#8221;Text&#8221; _builder_version=&#8221;4.16&#8243; text_font=&#8221;|600||on|||||&#8221; text_text_color=&#8221;#ffffff&#8221; text_font_size=&#8221;15px&#8221; text_line_height=&#8221;1.4em&#8221; background_size=&#8221;initial&#8221; background_position=&#8221;top_left&#8221; background_repeat=&#8221;repeat&#8221; custom_margin=&#8221;||8px|&#8221; use_border_color=&#8221;off&#8221; border_color=&#8221;#ffffff&#8221; border_style=&#8221;solid&#8221; global_colors_info=&#8221;{}&#8221;]Contact[\/et_pb_text][et_pb_divider show_divider=&#8221;off&#8221; disabled_on=&#8221;on|on|off&#8221; admin_label=&#8221;Divider&#8221; _builder_version=&#8221;4.16&#8243; height=&#8221;10px&#8221; custom_margin=&#8221;-1px|||||&#8221; hide_on_mobile=&#8221;on&#8221; global_colors_info=&#8221;{}&#8221;][\/et_pb_divider][et_pb_text _builder_version=&#8221;4.16&#8243; text_font=&#8221;||||||||&#8221; text_text_color=&#8221;#ffffff&#8221; text_font_size=&#8221;14px&#8221; link_font=&#8221;||||||||&#8221; link_text_color=&#8221;#ffffff&#8221; background_layout=&#8221;dark&#8221; global_colors_info=&#8221;{}&#8221;]<\/p>\n<p><strong>Mebus MIM-Technik GmbH<\/strong><br \/> Monbachstr. 7<br \/> 75242 Neuhausen<\/p>\n<p>Fon: +49 (0)7234 94794 &#8211; 0<br \/> Fax: +49 (0)7234 94794 &#8211; 99<\/p>\n<p>eMail: <a href=\"mailto:info@mebus-mimtechnik.de\">info@mebus-mimtechnik.de<\/a><\/p>\n<p>[\/et_pb_text][\/et_pb_column][et_pb_column type=&#8221;3_5&#8243; _builder_version=&#8221;4.16&#8243; custom_padding=&#8221;|||&#8221; global_colors_info=&#8221;{}&#8221; custom_padding__hover=&#8221;|||&#8221;][et_pb_text admin_label=&#8221;Text&#8221; _builder_version=&#8221;4.16&#8243; text_font=&#8221;|600||on|||||&#8221; text_text_color=&#8221;#ffffff&#8221; text_font_size=&#8221;15px&#8221; text_line_height=&#8221;1.4em&#8221; background_size=&#8221;initial&#8221; background_position=&#8221;top_left&#8221; background_repeat=&#8221;repeat&#8221; custom_margin=&#8221;||8px|&#8221; use_border_color=&#8221;off&#8221; border_color=&#8221;#ffffff&#8221; border_style=&#8221;solid&#8221; global_colors_info=&#8221;{}&#8221;]How to find us[\/et_pb_text][et_pb_divider show_divider=&#8221;off&#8221; disabled_on=&#8221;on|on|off&#8221; admin_label=&#8221;Divider&#8221; _builder_version=&#8221;4.16&#8243; height=&#8221;10px&#8221; custom_margin=&#8221;-1px|||||&#8221; hide_on_mobile=&#8221;on&#8221; global_colors_info=&#8221;{}&#8221;][\/et_pb_divider][et_pb_code _builder_version=&#8221;4.16&#8243; global_colors_info=&#8221;{}&#8221;] <\/p>\n<div class=\"brlbs-cmpnt-container brlbs-cmpnt-content-blocker brlbs-cmpnt-with-individual-styles\" data-borlabs-cookie-content-blocker-id=\"google-maps\" data-borlabs-cookie-content=\"PGlmcmFtZSBzcmM9Imh0dHBzOi8vd3d3Lmdvb2dsZS5jb20vbWFwcy9lbWJlZD9wYj0hMW0xOCExbTEyITFtMyExZDI2MjguMzg1MzUzNjM2MzQyNiEyZDguNzY1ODYxMzE1NTA1NjY1ITNkNDguNzkzNjIzNTEzMjE5MTUhMm0zITFmMCEyZjAhM2YwITNtMiExaTEwMjQhMmk3NjghNGYxMy4xITNtMyExbTIhMXMweDQ3OTc2ZjUyMjgyMjVhZjklM0EweGFiMzM5NGVlZmNmM2Q0OTIhMnNNZWJ1cyUyME1pbSUyMFRlY2huaWslMjBHbWJIITVlMCEzbTIhMXNkZSEyc2RlITR2MTU3Mjk1OTgyMzY3NiE1bTIhMXNkZSEyc2RlIiB3aWR0aD0iMTAwJSIgaGVpZ2h0PSIzMDAiIGZyYW1lYm9yZGVyPSIwIiBzdHlsZT0iYm9yZGVyOjA7IiBhbGxvd2Z1bGxzY3JlZW49IiI+PC9pZnJhbWU+\">\n<div class=\"brlbs-cmpnt-cb-preset-b brlbs-cmpnt-cb-google-maps\">\n<div class=\"brlbs-cmpnt-cb-thumbnail\" style=\"background-image: url('https:\/\/www.mebus-mimtechnik.de\/wp-content\/uploads\/borlabs-cookie\/1\/brlbs-cb-google-maps-main.png')\"><\/div>\n<div class=\"brlbs-cmpnt-cb-main\">\n<div class=\"brlbs-cmpnt-cb-content\">\n<p class=\"brlbs-cmpnt-cb-description\">You are currently viewing a placeholder content from <strong>Google Maps<\/strong>. To access the actual content, click the button below. Please note that doing so will share data with third-party providers.<\/p>\n<p> <a class=\"brlbs-cmpnt-cb-provider-toggle\" href=\"#\" data-borlabs-cookie-show-provider-information role=\"button\">More Information<\/a> <\/div>\n<div class=\"brlbs-cmpnt-cb-buttons\"> <a class=\"brlbs-cmpnt-cb-btn\" href=\"#\" data-borlabs-cookie-unblock role=\"button\">Unblock content<\/a> <a class=\"brlbs-cmpnt-cb-btn\" href=\"#\" data-borlabs-cookie-accept-service role=\"button\" style=\"display: inherit\">Accept required service and unblock content<\/a> <\/div>\n<\/p><\/div>\n<\/p><\/div>\n<\/div>\n<p>[\/et_pb_code][\/et_pb_column][\/et_pb_row][\/et_pb_section]<\/p>\n","protected":false},"excerpt":{"rendered":"<p>Contact InformationImprintMebus MIM-Technik GmbHMonbachstra\u00dfe 775242 Neuhausen Fon +49 (0)7234 94794-0Fax +49 (0)7234 94794-99 www.mebus-mimtechnik.deinfo@mebus-mimtechnik.de CEO: Dr. Pouya Moghimian Gesch\u00e4ftsf\u00fchrer: Dr. Pouya Moghimian, Artur Kessler, S\u00e9bastien Jean Christophe Virtel, Frank Wilhelm Herzog Registered with the Mannheim District Court under HRB 505817 USt.-ID: DE814375360 The information on the pages of our website is based on our current [&hellip;]<\/p>\n","protected":false},"author":2,"featured_media":0,"parent":4852,"menu_order":20,"comment_status":"closed","ping_status":"closed","template":"","meta":{"_et_pb_use_builder":"on","_et_pb_old_content":"","_et_gb_content_width":"","footnotes":""},"dipi_cpt_category":[],"class_list":["post-4846","page","type-page","status-publish","hentry"],"yoast_head":"<!-- This site is optimized with the Yoast SEO plugin v27.5 - https:\/\/yoast.com\/product\/yoast-seo-wordpress\/ -->\n<title>Imprint - Mebus MIM-Technik GmbH - Precision in MIM und CIM<\/title>\n<meta name=\"robots\" content=\"index, follow, max-snippet:-1, max-image-preview:large, max-video-preview:-1\" \/>\n<link rel=\"canonical\" href=\"https:\/\/www.mebus-mimtechnik.de\/en\/contact-information\/imprint\/\" \/>\n<meta property=\"og:locale\" content=\"en_US\" \/>\n<meta property=\"og:type\" content=\"article\" \/>\n<meta property=\"og:title\" content=\"Imprint - Mebus MIM-Technik GmbH - Precision in MIM und CIM\" \/>\n<meta property=\"og:description\" content=\"Contact InformationImprintMebus MIM-Technik GmbHMonbachstra\u00dfe 775242 Neuhausen Fon +49 (0)7234 94794-0Fax +49 (0)7234 94794-99 www.mebus-mimtechnik.deinfo@mebus-mimtechnik.de CEO: Dr. Pouya Moghimian Gesch\u00e4ftsf\u00fchrer: Dr. Pouya Moghimian, Artur Kessler, S\u00e9bastien Jean Christophe Virtel, Frank Wilhelm Herzog Registered with the Mannheim District Court under HRB 505817 USt.-ID: DE814375360 The information on the pages of our website is based on our current [&hellip;]\" \/>\n<meta property=\"og:url\" content=\"https:\/\/www.mebus-mimtechnik.de\/en\/contact-information\/imprint\/\" \/>\n<meta property=\"og:site_name\" content=\"Mebus MIM-Technik GmbH - Precision in MIM und CIM\" \/>\n<meta property=\"article:modified_time\" content=\"2025-08-18T13:15:39+00:00\" \/>\n<meta name=\"twitter:card\" content=\"summary_large_image\" \/>\n<meta name=\"twitter:label1\" content=\"Est. reading time\" \/>\n\t<meta name=\"twitter:data1\" content=\"6 minutes\" \/>\n<script type=\"application\/ld+json\" class=\"yoast-schema-graph\">{\"@context\":\"https:\\\/\\\/schema.org\",\"@graph\":[{\"@type\":\"WebPage\",\"@id\":\"https:\\\/\\\/www.mebus-mimtechnik.de\\\/en\\\/contact-information\\\/imprint\\\/\",\"url\":\"https:\\\/\\\/www.mebus-mimtechnik.de\\\/en\\\/contact-information\\\/imprint\\\/\",\"name\":\"Imprint - Mebus MIM-Technik GmbH - Precision in MIM und CIM\",\"isPartOf\":{\"@id\":\"https:\\\/\\\/www.mebus-mimtechnik.de\\\/en\\\/#website\"},\"datePublished\":\"2019-10-31T10:07:15+00:00\",\"dateModified\":\"2025-08-18T13:15:39+00:00\",\"breadcrumb\":{\"@id\":\"https:\\\/\\\/www.mebus-mimtechnik.de\\\/en\\\/contact-information\\\/imprint\\\/#breadcrumb\"},\"inLanguage\":\"en-US\",\"potentialAction\":[{\"@type\":\"ReadAction\",\"target\":[\"https:\\\/\\\/www.mebus-mimtechnik.de\\\/en\\\/contact-information\\\/imprint\\\/\"]}]},{\"@type\":\"BreadcrumbList\",\"@id\":\"https:\\\/\\\/www.mebus-mimtechnik.de\\\/en\\\/contact-information\\\/imprint\\\/#breadcrumb\",\"itemListElement\":[{\"@type\":\"ListItem\",\"position\":1,\"name\":\"Startseite\",\"item\":\"https:\\\/\\\/www.mebus-mimtechnik.de\\\/en\\\/\"},{\"@type\":\"ListItem\",\"position\":2,\"name\":\"Contact Information\",\"item\":\"https:\\\/\\\/www.mebus-mimtechnik.de\\\/en\\\/contact-information\\\/\"},{\"@type\":\"ListItem\",\"position\":3,\"name\":\"Imprint\"}]},{\"@type\":\"WebSite\",\"@id\":\"https:\\\/\\\/www.mebus-mimtechnik.de\\\/en\\\/#website\",\"url\":\"https:\\\/\\\/www.mebus-mimtechnik.de\\\/en\\\/\",\"name\":\"Mebus MIM-Technik GmbH - Pr\u00e4zision in MIM und CIM\",\"description\":\"\",\"publisher\":{\"@id\":\"https:\\\/\\\/www.mebus-mimtechnik.de\\\/en\\\/#organization\"},\"potentialAction\":[{\"@type\":\"SearchAction\",\"target\":{\"@type\":\"EntryPoint\",\"urlTemplate\":\"https:\\\/\\\/www.mebus-mimtechnik.de\\\/en\\\/?s={search_term_string}\"},\"query-input\":{\"@type\":\"PropertyValueSpecification\",\"valueRequired\":true,\"valueName\":\"search_term_string\"}}],\"inLanguage\":\"en-US\"},{\"@type\":\"Organization\",\"@id\":\"https:\\\/\\\/www.mebus-mimtechnik.de\\\/en\\\/#organization\",\"name\":\"Mebus MIM-Technik GmbH\",\"url\":\"https:\\\/\\\/www.mebus-mimtechnik.de\\\/en\\\/\",\"logo\":{\"@type\":\"ImageObject\",\"inLanguage\":\"en-US\",\"@id\":\"https:\\\/\\\/www.mebus-mimtechnik.de\\\/en\\\/#\\\/schema\\\/logo\\\/image\\\/\",\"url\":\"https:\\\/\\\/www.mebus-mimtechnik.de\\\/wp-content\\\/uploads\\\/2019\\\/06\\\/MEBUS-MIMtechnik-Logo-links_001.png\",\"contentUrl\":\"https:\\\/\\\/www.mebus-mimtechnik.de\\\/wp-content\\\/uploads\\\/2019\\\/06\\\/MEBUS-MIMtechnik-Logo-links_001.png\",\"width\":487,\"height\":125,\"caption\":\"Mebus MIM-Technik GmbH\"},\"image\":{\"@id\":\"https:\\\/\\\/www.mebus-mimtechnik.de\\\/en\\\/#\\\/schema\\\/logo\\\/image\\\/\"}}]}<\/script>\n<!-- \/ Yoast SEO plugin. -->","yoast_head_json":{"title":"Imprint - Mebus MIM-Technik GmbH - Precision in MIM und CIM","robots":{"index":"index","follow":"follow","max-snippet":"max-snippet:-1","max-image-preview":"max-image-preview:large","max-video-preview":"max-video-preview:-1"},"canonical":"https:\/\/www.mebus-mimtechnik.de\/en\/contact-information\/imprint\/","og_locale":"en_US","og_type":"article","og_title":"Imprint - Mebus MIM-Technik GmbH - Precision in MIM und CIM","og_description":"Contact InformationImprintMebus MIM-Technik GmbHMonbachstra\u00dfe 775242 Neuhausen Fon +49 (0)7234 94794-0Fax +49 (0)7234 94794-99 www.mebus-mimtechnik.deinfo@mebus-mimtechnik.de CEO: Dr. Pouya Moghimian Gesch\u00e4ftsf\u00fchrer: Dr. Pouya Moghimian, Artur Kessler, S\u00e9bastien Jean Christophe Virtel, Frank Wilhelm Herzog Registered with the Mannheim District Court under HRB 505817 USt.-ID: DE814375360 The information on the pages of our website is based on our current [&hellip;]","og_url":"https:\/\/www.mebus-mimtechnik.de\/en\/contact-information\/imprint\/","og_site_name":"Mebus MIM-Technik GmbH - Precision in MIM und CIM","article_modified_time":"2025-08-18T13:15:39+00:00","twitter_card":"summary_large_image","twitter_misc":{"Est. reading time":"6 minutes"},"schema":{"@context":"https:\/\/schema.org","@graph":[{"@type":"WebPage","@id":"https:\/\/www.mebus-mimtechnik.de\/en\/contact-information\/imprint\/","url":"https:\/\/www.mebus-mimtechnik.de\/en\/contact-information\/imprint\/","name":"Imprint - Mebus MIM-Technik GmbH - Precision in MIM und CIM","isPartOf":{"@id":"https:\/\/www.mebus-mimtechnik.de\/en\/#website"},"datePublished":"2019-10-31T10:07:15+00:00","dateModified":"2025-08-18T13:15:39+00:00","breadcrumb":{"@id":"https:\/\/www.mebus-mimtechnik.de\/en\/contact-information\/imprint\/#breadcrumb"},"inLanguage":"en-US","potentialAction":[{"@type":"ReadAction","target":["https:\/\/www.mebus-mimtechnik.de\/en\/contact-information\/imprint\/"]}]},{"@type":"BreadcrumbList","@id":"https:\/\/www.mebus-mimtechnik.de\/en\/contact-information\/imprint\/#breadcrumb","itemListElement":[{"@type":"ListItem","position":1,"name":"Startseite","item":"https:\/\/www.mebus-mimtechnik.de\/en\/"},{"@type":"ListItem","position":2,"name":"Contact Information","item":"https:\/\/www.mebus-mimtechnik.de\/en\/contact-information\/"},{"@type":"ListItem","position":3,"name":"Imprint"}]},{"@type":"WebSite","@id":"https:\/\/www.mebus-mimtechnik.de\/en\/#website","url":"https:\/\/www.mebus-mimtechnik.de\/en\/","name":"Mebus MIM-Technik GmbH - Pr\u00e4zision in MIM und CIM","description":"","publisher":{"@id":"https:\/\/www.mebus-mimtechnik.de\/en\/#organization"},"potentialAction":[{"@type":"SearchAction","target":{"@type":"EntryPoint","urlTemplate":"https:\/\/www.mebus-mimtechnik.de\/en\/?s={search_term_string}"},"query-input":{"@type":"PropertyValueSpecification","valueRequired":true,"valueName":"search_term_string"}}],"inLanguage":"en-US"},{"@type":"Organization","@id":"https:\/\/www.mebus-mimtechnik.de\/en\/#organization","name":"Mebus MIM-Technik GmbH","url":"https:\/\/www.mebus-mimtechnik.de\/en\/","logo":{"@type":"ImageObject","inLanguage":"en-US","@id":"https:\/\/www.mebus-mimtechnik.de\/en\/#\/schema\/logo\/image\/","url":"https:\/\/www.mebus-mimtechnik.de\/wp-content\/uploads\/2019\/06\/MEBUS-MIMtechnik-Logo-links_001.png","contentUrl":"https:\/\/www.mebus-mimtechnik.de\/wp-content\/uploads\/2019\/06\/MEBUS-MIMtechnik-Logo-links_001.png","width":487,"height":125,"caption":"Mebus MIM-Technik GmbH"},"image":{"@id":"https:\/\/www.mebus-mimtechnik.de\/en\/#\/schema\/logo\/image\/"}}]}},"_links":{"self":[{"href":"https:\/\/www.mebus-mimtechnik.de\/en\/wp-json\/wp\/v2\/pages\/4846","targetHints":{"allow":["GET"]}}],"collection":[{"href":"https:\/\/www.mebus-mimtechnik.de\/en\/wp-json\/wp\/v2\/pages"}],"about":[{"href":"https:\/\/www.mebus-mimtechnik.de\/en\/wp-json\/wp\/v2\/types\/page"}],"author":[{"embeddable":true,"href":"https:\/\/www.mebus-mimtechnik.de\/en\/wp-json\/wp\/v2\/users\/2"}],"replies":[{"embeddable":true,"href":"https:\/\/www.mebus-mimtechnik.de\/en\/wp-json\/wp\/v2\/comments?post=4846"}],"version-history":[{"count":5,"href":"https:\/\/www.mebus-mimtechnik.de\/en\/wp-json\/wp\/v2\/pages\/4846\/revisions"}],"predecessor-version":[{"id":5539,"href":"https:\/\/www.mebus-mimtechnik.de\/en\/wp-json\/wp\/v2\/pages\/4846\/revisions\/5539"}],"up":[{"embeddable":true,"href":"https:\/\/www.mebus-mimtechnik.de\/en\/wp-json\/wp\/v2\/pages\/4852"}],"wp:attachment":[{"href":"https:\/\/www.mebus-mimtechnik.de\/en\/wp-json\/wp\/v2\/media?parent=4846"}],"wp:term":[{"taxonomy":"dipi_cpt_category","embeddable":true,"href":"https:\/\/www.mebus-mimtechnik.de\/en\/wp-json\/wp\/v2\/dipi_cpt_category?post=4846"}],"curies":[{"name":"wp","href":"https:\/\/api.w.org\/{rel}","templated":true}]}}